{"id":125,"date":"2018-11-26T12:45:27","date_gmt":"2018-11-26T12:45:27","guid":{"rendered":"https:\/\/narloch-com-br.andamento.dev.br\/index.php\/home\/"},"modified":"2023-02-19T12:24:19","modified_gmt":"2023-02-19T12:24:19","slug":"home","status":"publish","type":"page","link":"https:\/\/narloch-com-br.andamento.dev.br\/","title":{"rendered":"Home"},"content":{"rendered":"\t\t<div data-elementor-type=\"wp-post\" data-elementor-id=\"125\" class=\"elementor elementor-125\">\n\t\t\t\t\t\t\t\t\t<section class=\"elementor-section elementor-top-section elementor-element elementor-element-567911d elementor-section-content-middle elementor-section-boxed elementor-section-height-default elementor-section-height-default\" data-id=\"567911d\" data-element_type=\"section\" data-settings=\"{&quot;background_background&quot;:&quot;classic&quot;}\">\n\t\t\t\t\t\t\t<div class=\"elementor-background-overlay\"><\/div>\n\t\t\t\t\t\t\t<div class=\"elementor-container elementor-column-gap-no\">\n\t\t\t\t\t<div class=\"elementor-column elementor-col-100 elementor-top-column elementor-element elementor-element-b3743c8\" data-id=\"b3743c8\" data-element_type=\"column\">\n\t\t\t<div class=\"elementor-widget-wrap elementor-element-populated\">\n\t\t\t\t\t\t\t\t<div class=\"elementor-element elementor-element-0cfef53 elementor-widget elementor-widget-heading\" data-id=\"0cfef53\" data-element_type=\"widget\" data-widget_type=\"heading.default\">\n\t\t\t\t<div class=\"elementor-widget-container\">\n\t\t\t<style>\/*! elementor - v3.11.1 - 15-02-2023 *\/\n.elementor-heading-title{padding:0;margin:0;line-height:1}.elementor-widget-heading .elementor-heading-title[class*=elementor-size-]>a{color:inherit;font-size:inherit;line-height:inherit}.elementor-widget-heading .elementor-heading-title.elementor-size-small{font-size:15px}.elementor-widget-heading .elementor-heading-title.elementor-size-medium{font-size:19px}.elementor-widget-heading .elementor-heading-title.elementor-size-large{font-size:29px}.elementor-widget-heading .elementor-heading-title.elementor-size-xl{font-size:39px}.elementor-widget-heading .elementor-heading-title.elementor-size-xxl{font-size:59px}<\/style><h5 class=\"elementor-heading-title elementor-size-default\">Seja bem-vindo(a)<\/h5>\t\t<\/div>\n\t\t\t\t<\/div>\n\t\t\t\t<div class=\"elementor-element elementor-element-82092e7 elementor-widget elementor-widget-heading\" data-id=\"82092e7\" data-element_type=\"widget\" data-widget_type=\"heading.default\">\n\t\t\t\t<div class=\"elementor-widget-container\">\n\t\t\t<h1 class=\"elementor-heading-title elementor-size-default\">Canions Pizzas<\/h1>\t\t<\/div>\n\t\t\t\t<\/div>\n\t\t\t\t<div class=\"elementor-element elementor-element-e2fa0d5 elementor-view-default elementor-widget elementor-widget-icon\" data-id=\"e2fa0d5\" data-element_type=\"widget\" data-widget_type=\"icon.default\">\n\t\t\t\t<div class=\"elementor-widget-container\">\n\t\t\t\t\t<div class=\"elementor-icon-wrapper\">\n\t\t\t<div class=\"elementor-icon\">\n\t\t\t\t\t\t\t<i class=\"fa fa-long-arrow-down\" aria-hidden=\"true\"><\/i>\n\t\t\t\t\t\t<\/div>\n\t\t<\/div>\n\t\t\t\t<\/div>\n\t\t\t\t<\/div>\n\t\t\t\t\t<\/div>\n\t\t<\/div>\n\t\t\t\t\t\t\t<\/div>\n\t\t<\/section>\n\t\t\t\t<section class=\"elementor-section elementor-top-section elementor-element elementor-element-72897bd elementor-section-content-middle elementor-section-boxed elementor-section-height-default elementor-section-height-default\" data-id=\"72897bd\" data-element_type=\"section\">\n\t\t\t\t\t\t<div class=\"elementor-container elementor-column-gap-no\">\n\t\t\t\t\t<div class=\"elementor-column elementor-col-100 elementor-top-column elementor-element elementor-element-7199241\" data-id=\"7199241\" data-element_type=\"column\">\n\t\t\t<div class=\"elementor-widget-wrap elementor-element-populated\">\n\t\t\t\t\t\t\t\t<div class=\"elementor-element elementor-element-c4d0e0d elementor-widget elementor-widget-heading\" data-id=\"c4d0e0d\" data-element_type=\"widget\" data-widget_type=\"heading.default\">\n\t\t\t\t<div class=\"elementor-widget-container\">\n\t\t\t<h5 class=\"elementor-heading-title elementor-size-large\">Sobre o estabelecimento<\/h5>\t\t<\/div>\n\t\t\t\t<\/div>\n\t\t\t\t<div class=\"elementor-element elementor-element-2a8eb2a elementor-widget elementor-widget-heading\" data-id=\"2a8eb2a\" data-element_type=\"widget\" data-widget_type=\"heading.default\">\n\t\t\t\t<div class=\"elementor-widget-container\">\n\t\t\t<h2 class=\"elementor-heading-title elementor-size-medium\">Viva a sensa\u00e7\u00e3o de comer uma pizza tradicional com uma vista incr\u00edvel<\/h2>\t\t<\/div>\n\t\t\t\t<\/div>\n\t\t\t\t<div class=\"elementor-element elementor-element-0d439b3 elementor-widget elementor-widget-text-editor\" data-id=\"0d439b3\" data-element_type=\"widget\" data-widget_type=\"text-editor.default\">\n\t\t\t\t<div class=\"elementor-widget-container\">\n\t\t\t<style>\/*! elementor - v3.11.1 - 15-02-2023 *\/\n.elementor-widget-text-editor.elementor-drop-cap-view-stacked .elementor-drop-cap{background-color:#818a91;color:#fff}.elementor-widget-text-editor.elementor-drop-cap-view-framed .elementor-drop-cap{color:#818a91;border:3px solid;background-color:transparent}.elementor-widget-text-editor:not(.elementor-drop-cap-view-default) .elementor-drop-cap{margin-top:8px}.elementor-widget-text-editor:not(.elementor-drop-cap-view-default) .elementor-drop-cap-letter{width:1em;height:1em}.elementor-widget-text-editor .elementor-drop-cap{float:left;text-align:center;line-height:1;font-size:50px}.elementor-widget-text-editor .elementor-drop-cap-letter{display:inline-block}<\/style>\t\t\t\t<p>Nossa pizzaria \u00e9 localizada no topo de uma montanha e tem o objetivo de mesclar duas coisas impec\u00e1veis, as paisagens naturais e uma pizza tradicional italiana!<\/p>\t\t\t\t\t\t<\/div>\n\t\t\t\t<\/div>\n\t\t\t\t<div class=\"elementor-element elementor-element-0b1b608 elementor-align-center elementor-widget elementor-widget-button\" data-id=\"0b1b608\" data-element_type=\"widget\" data-widget_type=\"button.default\">\n\t\t\t\t<div class=\"elementor-widget-container\">\n\t\t\t\t\t<div class=\"elementor-button-wrapper\">\n\t\t\t<a href=\"#\" class=\"elementor-button-link elementor-button elementor-size-sm\" role=\"button\">\n\t\t\t\t\t\t<span class=\"elementor-button-content-wrapper\">\n\t\t\t\t\t\t<span class=\"elementor-button-text\">Saiba Mais<\/span>\n\t\t<\/span>\n\t\t\t\t\t<\/a>\n\t\t<\/div>\n\t\t\t\t<\/div>\n\t\t\t\t<\/div>\n\t\t\t\t\t<\/div>\n\t\t<\/div>\n\t\t\t\t\t\t\t<\/div>\n\t\t<\/section>\n\t\t\t\t<section class=\"elementor-section elementor-top-section elementor-element elementor-element-36db80a elementor-reverse-tablet elementor-reverse-mobile elementor-section-boxed elementor-section-height-default elementor-section-height-default\" data-id=\"36db80a\" data-element_type=\"section\" data-settings=\"{&quot;background_background&quot;:&quot;classic&quot;}\">\n\t\t\t\t\t\t\t<div class=\"elementor-background-overlay\"><\/div>\n\t\t\t\t\t\t\t<div class=\"elementor-container elementor-column-gap-extended\">\n\t\t\t\t\t<div class=\"elementor-column elementor-col-100 elementor-top-column elementor-element elementor-element-044aad0\" data-id=\"044aad0\" data-element_type=\"column\">\n\t\t\t<div class=\"elementor-widget-wrap elementor-element-populated\">\n\t\t\t\t\t\t\t\t<div class=\"elementor-element elementor-element-dadf519 elementor-widget elementor-widget-spacer\" data-id=\"dadf519\" data-element_type=\"widget\" data-widget_type=\"spacer.default\">\n\t\t\t\t<div class=\"elementor-widget-container\">\n\t\t\t<style>\/*! elementor - v3.11.1 - 15-02-2023 *\/\n.elementor-column .elementor-spacer-inner{height:var(--spacer-size)}.e-con{--container-widget-width:100%}.e-con-inner>.elementor-widget-spacer,.e-con>.elementor-widget-spacer{width:var(--container-widget-width,var(--spacer-size));--align-self:var(--container-widget-align-self,initial);--flex-shrink:0}.e-con-inner>.elementor-widget-spacer>.elementor-widget-container,.e-con-inner>.elementor-widget-spacer>.elementor-widget-container>.elementor-spacer,.e-con>.elementor-widget-spacer>.elementor-widget-container,.e-con>.elementor-widget-spacer>.elementor-widget-container>.elementor-spacer{height:100%}.e-con-inner>.elementor-widget-spacer>.elementor-widget-container>.elementor-spacer>.elementor-spacer-inner,.e-con>.elementor-widget-spacer>.elementor-widget-container>.elementor-spacer>.elementor-spacer-inner{height:var(--container-widget-height,var(--spacer-size))}<\/style>\t\t<div class=\"elementor-spacer\">\n\t\t\t<div class=\"elementor-spacer-inner\"><\/div>\n\t\t<\/div>\n\t\t\t\t<\/div>\n\t\t\t\t<\/div>\n\t\t\t\t\t<\/div>\n\t\t<\/div>\n\t\t\t\t\t\t\t<\/div>\n\t\t<\/section>\n\t\t\t\t<section class=\"elementor-section elementor-top-section elementor-element elementor-element-7d71124 elementor-section-boxed elementor-section-height-default elementor-section-height-default\" data-id=\"7d71124\" data-element_type=\"section\">\n\t\t\t\t\t\t<div class=\"elementor-container elementor-column-gap-no\">\n\t\t\t\t\t<div class=\"elementor-column elementor-col-100 elementor-top-column elementor-element elementor-element-8b03254\" data-id=\"8b03254\" data-element_type=\"column\">\n\t\t\t<div class=\"elementor-widget-wrap elementor-element-populated\">\n\t\t\t\t\t\t\t\t<div class=\"elementor-element elementor-element-2e78b54 elementor-widget elementor-widget-heading\" data-id=\"2e78b54\" data-element_type=\"widget\" data-widget_type=\"heading.default\">\n\t\t\t\t<div class=\"elementor-widget-container\">\n\t\t\t<h5 class=\"elementor-heading-title elementor-size-xl\">Servi\u00e7os inclusos<\/h5>\t\t<\/div>\n\t\t\t\t<\/div>\n\t\t\t\t<div class=\"elementor-element elementor-element-ba7a770 elementor-widget__width-initial elementor-widget-mobile__width-inherit elementor-position-top elementor-vertical-align-top elementor-widget elementor-widget-image-box\" data-id=\"ba7a770\" data-element_type=\"widget\" data-widget_type=\"image-box.default\">\n\t\t\t\t<div class=\"elementor-widget-container\">\n\t\t\t<style>\/*! elementor - v3.11.1 - 15-02-2023 *\/\n.elementor-widget-image-box .elementor-image-box-content{width:100%}@media (min-width:768px){.elementor-widget-image-box.elementor-position-left .elementor-image-box-wrapper,.elementor-widget-image-box.elementor-position-right .elementor-image-box-wrapper{display:flex}.elementor-widget-image-box.elementor-position-right .elementor-image-box-wrapper{text-align:right;flex-direction:row-reverse}.elementor-widget-image-box.elementor-position-left .elementor-image-box-wrapper{text-align:left;flex-direction:row}.elementor-widget-image-box.elementor-position-top .elementor-image-box-img{margin:auto}.elementor-widget-image-box.elementor-vertical-align-top .elementor-image-box-wrapper{align-items:flex-start}.elementor-widget-image-box.elementor-vertical-align-middle .elementor-image-box-wrapper{align-items:center}.elementor-widget-image-box.elementor-vertical-align-bottom .elementor-image-box-wrapper{align-items:flex-end}}@media (max-width:767px){.elementor-widget-image-box .elementor-image-box-img{margin-left:auto!important;margin-right:auto!important;margin-bottom:15px}}.elementor-widget-image-box .elementor-image-box-img{display:inline-block}.elementor-widget-image-box .elementor-image-box-title a{color:inherit}.elementor-widget-image-box .elementor-image-box-wrapper{text-align:center}.elementor-widget-image-box .elementor-image-box-description{margin:0}<\/style><div class=\"elementor-image-box-wrapper\"><figure class=\"elementor-image-box-img\"><img loading=\"lazy\" decoding=\"async\" width=\"293\" height=\"500\" src=\"https:\/\/narloch-com-br.andamento.dev.br\/wp-content\/uploads\/2023\/02\/Untitled-1.jpg\" class=\"attachment-full size-full wp-image-536\" alt=\"\" srcset=\"https:\/\/narloch-com-br.andamento.dev.br\/wp-content\/uploads\/2023\/02\/Untitled-1.jpg 293w, https:\/\/narloch-com-br.andamento.dev.br\/wp-content\/uploads\/2023\/02\/Untitled-1-176x300.jpg 176w\" sizes=\"auto, (max-width: 293px) 100vw, 293px\" \/><\/figure><div class=\"elementor-image-box-content\"><h4 class=\"elementor-image-box-title\">Transporte<\/h4><p class=\"elementor-image-box-description\">Direito a uma van que os leva at\u00e9 o topo da montanha<br>                                                                                                                                 <\/p><\/div><\/div>\t\t<\/div>\n\t\t\t\t<\/div>\n\t\t\t\t<div class=\"elementor-element elementor-element-87105c9 elementor-widget__width-initial elementor-widget-mobile__width-inherit elementor-position-top elementor-vertical-align-top elementor-widget elementor-widget-image-box\" data-id=\"87105c9\" data-element_type=\"widget\" data-widget_type=\"image-box.default\">\n\t\t\t\t<div class=\"elementor-widget-container\">\n\t\t\t<div class=\"elementor-image-box-wrapper\"><figure class=\"elementor-image-box-img\"><img loading=\"lazy\" decoding=\"async\" width=\"380\" height=\"520\" src=\"https:\/\/narloch-com-br.andamento.dev.br\/wp-content\/uploads\/2018\/11\/img-02-free-img.jpg\" class=\"attachment-full size-full wp-image-64\" alt=\"\" srcset=\"https:\/\/narloch-com-br.andamento.dev.br\/wp-content\/uploads\/2018\/11\/img-02-free-img.jpg 380w, https:\/\/narloch-com-br.andamento.dev.br\/wp-content\/uploads\/2018\/11\/img-02-free-img-219x300.jpg 219w\" sizes=\"auto, (max-width: 380px) 100vw, 380px\" \/><\/figure><div class=\"elementor-image-box-content\"><h4 class=\"elementor-image-box-title\">Atra\u00e7\u00f5es para todas as idades<\/h4><p class=\"elementor-image-box-description\">Contamos com uma equipe preparada para cuidar de seu bem mais precioso, seu filho!<\/p><\/div><\/div>\t\t<\/div>\n\t\t\t\t<\/div>\n\t\t\t\t<div class=\"elementor-element elementor-element-5a80597 elementor-widget__width-initial elementor-widget-mobile__width-inherit elementor-position-top elementor-vertical-align-top elementor-widget elementor-widget-image-box\" data-id=\"5a80597\" data-element_type=\"widget\" data-widget_type=\"image-box.default\">\n\t\t\t\t<div class=\"elementor-widget-container\">\n\t\t\t<div class=\"elementor-image-box-wrapper\"><figure class=\"elementor-image-box-img\"><img loading=\"lazy\" decoding=\"async\" width=\"380\" height=\"520\" src=\"https:\/\/narloch-com-br.andamento.dev.br\/wp-content\/uploads\/2018\/11\/img-03-free-img.jpg\" class=\"attachment-full size-full wp-image-65\" alt=\"\" srcset=\"https:\/\/narloch-com-br.andamento.dev.br\/wp-content\/uploads\/2018\/11\/img-03-free-img.jpg 380w, https:\/\/narloch-com-br.andamento.dev.br\/wp-content\/uploads\/2018\/11\/img-03-free-img-219x300.jpg 219w\" sizes=\"auto, (max-width: 380px) 100vw, 380px\" \/><\/figure><div class=\"elementor-image-box-content\"><h4 class=\"elementor-image-box-title\">Por do sol no ponto mais alto<\/h4><p class=\"elementor-image-box-description\">Preparamos tamb\u00e9m um por do sol com a maior qualidade e seguran\u00e7a!<\/p><\/div><\/div>\t\t<\/div>\n\t\t\t\t<\/div>\n\t\t\t\t\t<\/div>\n\t\t<\/div>\n\t\t\t\t\t\t\t<\/div>\n\t\t<\/section>\n\t\t\t\t<section class=\"elementor-section elementor-top-section elementor-element elementor-element-a0bc5c1 elementor-section-content-middle elementor-section-boxed elementor-section-height-default elementor-section-height-default\" data-id=\"a0bc5c1\" data-element_type=\"section\" data-settings=\"{&quot;background_background&quot;:&quot;classic&quot;}\">\n\t\t\t\t\t\t<div class=\"elementor-container elementor-column-gap-default\">\n\t\t\t\t\t<div class=\"elementor-column elementor-col-100 elementor-top-column elementor-element elementor-element-d601f84\" data-id=\"d601f84\" data-element_type=\"column\">\n\t\t\t<div class=\"elementor-widget-wrap elementor-element-populated\">\n\t\t\t\t\t\t\t\t<div class=\"elementor-element elementor-element-471ffbe elementor-widget elementor-widget-heading\" data-id=\"471ffbe\" data-element_type=\"widget\" data-widget_type=\"heading.default\">\n\t\t\t\t<div class=\"elementor-widget-container\">\n\t\t\t<h3 class=\"elementor-heading-title elementor-size-xl\">Conhe\u00e7a melhor os nossos pacotes!<\/h3>\t\t<\/div>\n\t\t\t\t<\/div>\n\t\t\t\t<div class=\"elementor-element elementor-element-038616e elementor-align-center elementor-mobile-align-center elementor-widget elementor-widget-button\" data-id=\"038616e\" data-element_type=\"widget\" data-widget_type=\"button.default\">\n\t\t\t\t<div class=\"elementor-widget-container\">\n\t\t\t\t\t<div class=\"elementor-button-wrapper\">\n\t\t\t<a href=\"#\" class=\"elementor-button-link elementor-button elementor-size-md\" role=\"button\">\n\t\t\t\t\t\t<span class=\"elementor-button-content-wrapper\">\n\t\t\t\t\t\t<span class=\"elementor-button-text\">Saiba Mais<\/span>\n\t\t<\/span>\n\t\t\t\t\t<\/a>\n\t\t<\/div>\n\t\t\t\t<\/div>\n\t\t\t\t<\/div>\n\t\t\t\t\t<\/div>\n\t\t<\/div>\n\t\t\t\t\t\t\t<\/div>\n\t\t<\/section>\n\t\t\t\t\t\t\t<\/div>\n\t\t","protected":false},"excerpt":{"rendered":"<p>Seja bem-vindo(a) Canions Pizzas Sobre o estabelecimento Viva a sensa\u00e7\u00e3o de comer uma pizza tradicional com uma vista incr\u00edvel Nossa pizzaria \u00e9 localizada no topo de uma montanha e tem o objetivo de mesclar duas coisas impec\u00e1veis, as paisagens naturais e uma pizza tradicional italiana! Saiba Mais Servi\u00e7os inclusos Transporte Direito a uma van que &hellip;<\/p>\n<p class=\"read-more\"> <a class=\"\" href=\"https:\/\/narloch-com-br.andamento.dev.br\/\"> <span class=\"screen-reader-text\">Home<\/span> Leia mais &raquo;<\/a><\/p>\n","protected":false},"author":1,"featured_media":0,"parent":0,"menu_order":0,"comment_status":"closed","ping_status":"closed","template":"","meta":{"site-sidebar-layout":"no-sidebar","site-content-layout":"page-builder","ast-global-header-display":"","ast-main-header-display":"","ast-hfb-above-header-display":"","ast-hfb-below-header-display":"","ast-hfb-mobile-header-display":"","site-post-title":"disabled","ast-breadcrumbs-content":"","ast-featured-img":"disabled","footer-sml-layout":"","theme-transparent-header-meta":"enabled","adv-header-id-meta":"","stick-header-meta":"","header-above-stick-meta":"","header-main-stick-meta":"","header-below-stick-meta":"","footnotes":""},"class_list":["post-125","page","type-page","status-publish","hentry"],"yoast_head":"<!-- This site is optimized with the Yoast SEO plugin v19.14 - https:\/\/yoast.com\/wordpress\/plugins\/seo\/ -->\n<title>Home - Sierra Nature<\/title>\n<meta name=\"robots\" content=\"index, follow, max-snippet:-1, max-image-preview:large, max-video-preview:-1\" \/>\n<link rel=\"canonical\" href=\"https:\/\/narloch-com-br.andamento.dev.br\/\" \/>\n<meta property=\"og:locale\" content=\"pt_BR\" \/>\n<meta property=\"og:type\" content=\"article\" \/>\n<meta property=\"og:title\" content=\"Home - Sierra Nature\" \/>\n<meta property=\"og:description\" content=\"Seja bem-vindo(a) Canions Pizzas Sobre o estabelecimento Viva a sensa\u00e7\u00e3o de comer uma pizza tradicional com uma vista incr\u00edvel Nossa pizzaria \u00e9 localizada no topo de uma montanha e tem o objetivo de mesclar duas coisas impec\u00e1veis, as paisagens naturais e uma pizza tradicional italiana! Saiba Mais Servi\u00e7os inclusos Transporte Direito a uma van que &hellip; Home Leia mais &raquo;\" \/>\n<meta property=\"og:url\" content=\"https:\/\/narloch-com-br.andamento.dev.br\/\" \/>\n<meta property=\"og:site_name\" content=\"Sierra Nature\" \/>\n<meta property=\"article:modified_time\" content=\"2023-02-19T12:24:19+00:00\" \/>\n<meta property=\"og:image\" content=\"https:\/\/narloch-com-br.andamento.dev.br\/wp-content\/uploads\/2023\/02\/Untitled-1.jpg\" \/>\n<meta name=\"twitter:card\" content=\"summary_large_image\" \/>\n<meta name=\"twitter:label1\" content=\"Est. tempo de leitura\" \/>\n\t<meta name=\"twitter:data1\" content=\"2 minutos\" \/>\n<script type=\"application\/ld+json\" class=\"yoast-schema-graph\">{\"@context\":\"https:\/\/schema.org\",\"@graph\":[{\"@type\":\"WebPage\",\"@id\":\"https:\/\/narloch-com-br.andamento.dev.br\/\",\"url\":\"https:\/\/narloch-com-br.andamento.dev.br\/\",\"name\":\"Home - Sierra Nature\",\"isPartOf\":{\"@id\":\"https:\/\/narloch-com-br.andamento.dev.br\/#website\"},\"datePublished\":\"2018-11-26T12:45:27+00:00\",\"dateModified\":\"2023-02-19T12:24:19+00:00\",\"breadcrumb\":{\"@id\":\"https:\/\/narloch-com-br.andamento.dev.br\/#breadcrumb\"},\"inLanguage\":\"pt-BR\",\"potentialAction\":[{\"@type\":\"ReadAction\",\"target\":[\"https:\/\/narloch-com-br.andamento.dev.br\/\"]}]},{\"@type\":\"BreadcrumbList\",\"@id\":\"https:\/\/narloch-com-br.andamento.dev.br\/#breadcrumb\",\"itemListElement\":[{\"@type\":\"ListItem\",\"position\":1,\"name\":\"In\u00edcio\",\"item\":\"https:\/\/narloch-com-br.andamento.dev.br\/\"},{\"@type\":\"ListItem\",\"position\":2,\"name\":\"Home\"}]},{\"@type\":\"WebSite\",\"@id\":\"https:\/\/narloch-com-br.andamento.dev.br\/#website\",\"url\":\"https:\/\/narloch-com-br.andamento.dev.br\/\",\"name\":\"Sierra Nature\",\"description\":\"One touch of nature.\",\"publisher\":{\"@id\":\"https:\/\/narloch-com-br.andamento.dev.br\/#organization\"},\"potentialAction\":[{\"@type\":\"SearchAction\",\"target\":{\"@type\":\"EntryPoint\",\"urlTemplate\":\"https:\/\/narloch-com-br.andamento.dev.br\/?s={search_term_string}\"},\"query-input\":\"required name=search_term_string\"}],\"inLanguage\":\"pt-BR\"},{\"@type\":\"Organization\",\"@id\":\"https:\/\/narloch-com-br.andamento.dev.br\/#organization\",\"name\":\"Sierra Nature\",\"url\":\"https:\/\/narloch-com-br.andamento.dev.br\/\",\"logo\":{\"@type\":\"ImageObject\",\"inLanguage\":\"pt-BR\",\"@id\":\"https:\/\/narloch-com-br.andamento.dev.br\/#\/schema\/logo\/image\/\",\"url\":\"https:\/\/narloch-com-br.andamento.dev.br\/wp-content\/uploads\/2018\/12\/sierra_nature_logo_color.png\",\"contentUrl\":\"https:\/\/narloch-com-br.andamento.dev.br\/wp-content\/uploads\/2018\/12\/sierra_nature_logo_color.png\",\"width\":339,\"height\":167,\"caption\":\"Sierra Nature\"},\"image\":{\"@id\":\"https:\/\/narloch-com-br.andamento.dev.br\/#\/schema\/logo\/image\/\"}}]}<\/script>\n<!-- \/ Yoast SEO plugin. -->","yoast_head_json":{"title":"Home - Sierra Nature","robots":{"index":"index","follow":"follow","max-snippet":"max-snippet:-1","max-image-preview":"max-image-preview:large","max-video-preview":"max-video-preview:-1"},"canonical":"https:\/\/narloch-com-br.andamento.dev.br\/","og_locale":"pt_BR","og_type":"article","og_title":"Home - Sierra Nature","og_description":"Seja bem-vindo(a) Canions Pizzas Sobre o estabelecimento Viva a sensa\u00e7\u00e3o de comer uma pizza tradicional com uma vista incr\u00edvel Nossa pizzaria \u00e9 localizada no topo de uma montanha e tem o objetivo de mesclar duas coisas impec\u00e1veis, as paisagens naturais e uma pizza tradicional italiana! Saiba Mais Servi\u00e7os inclusos Transporte Direito a uma van que &hellip; Home Leia mais &raquo;","og_url":"https:\/\/narloch-com-br.andamento.dev.br\/","og_site_name":"Sierra Nature","article_modified_time":"2023-02-19T12:24:19+00:00","og_image":[{"url":"https:\/\/narloch-com-br.andamento.dev.br\/wp-content\/uploads\/2023\/02\/Untitled-1.jpg"}],"twitter_card":"summary_large_image","twitter_misc":{"Est. tempo de leitura":"2 minutos"},"schema":{"@context":"https:\/\/schema.org","@graph":[{"@type":"WebPage","@id":"https:\/\/narloch-com-br.andamento.dev.br\/","url":"https:\/\/narloch-com-br.andamento.dev.br\/","name":"Home - Sierra Nature","isPartOf":{"@id":"https:\/\/narloch-com-br.andamento.dev.br\/#website"},"datePublished":"2018-11-26T12:45:27+00:00","dateModified":"2023-02-19T12:24:19+00:00","breadcrumb":{"@id":"https:\/\/narloch-com-br.andamento.dev.br\/#breadcrumb"},"inLanguage":"pt-BR","potentialAction":[{"@type":"ReadAction","target":["https:\/\/narloch-com-br.andamento.dev.br\/"]}]},{"@type":"BreadcrumbList","@id":"https:\/\/narloch-com-br.andamento.dev.br\/#breadcrumb","itemListElement":[{"@type":"ListItem","position":1,"name":"In\u00edcio","item":"https:\/\/narloch-com-br.andamento.dev.br\/"},{"@type":"ListItem","position":2,"name":"Home"}]},{"@type":"WebSite","@id":"https:\/\/narloch-com-br.andamento.dev.br\/#website","url":"https:\/\/narloch-com-br.andamento.dev.br\/","name":"Sierra Nature","description":"One touch of nature.","publisher":{"@id":"https:\/\/narloch-com-br.andamento.dev.br\/#organization"},"potentialAction":[{"@type":"SearchAction","target":{"@type":"EntryPoint","urlTemplate":"https:\/\/narloch-com-br.andamento.dev.br\/?s={search_term_string}"},"query-input":"required name=search_term_string"}],"inLanguage":"pt-BR"},{"@type":"Organization","@id":"https:\/\/narloch-com-br.andamento.dev.br\/#organization","name":"Sierra Nature","url":"https:\/\/narloch-com-br.andamento.dev.br\/","logo":{"@type":"ImageObject","inLanguage":"pt-BR","@id":"https:\/\/narloch-com-br.andamento.dev.br\/#\/schema\/logo\/image\/","url":"https:\/\/narloch-com-br.andamento.dev.br\/wp-content\/uploads\/2018\/12\/sierra_nature_logo_color.png","contentUrl":"https:\/\/narloch-com-br.andamento.dev.br\/wp-content\/uploads\/2018\/12\/sierra_nature_logo_color.png","width":339,"height":167,"caption":"Sierra Nature"},"image":{"@id":"https:\/\/narloch-com-br.andamento.dev.br\/#\/schema\/logo\/image\/"}}]}},"_links":{"self":[{"href":"https:\/\/narloch-com-br.andamento.dev.br\/index.php\/wp-json\/wp\/v2\/pages\/125","targetHints":{"allow":["GET"]}}],"collection":[{"href":"https:\/\/narloch-com-br.andamento.dev.br\/index.php\/wp-json\/wp\/v2\/pages"}],"about":[{"href":"https:\/\/narloch-com-br.andamento.dev.br\/index.php\/wp-json\/wp\/v2\/types\/page"}],"author":[{"embeddable":true,"href":"https:\/\/narloch-com-br.andamento.dev.br\/index.php\/wp-json\/wp\/v2\/users\/1"}],"replies":[{"embeddable":true,"href":"https:\/\/narloch-com-br.andamento.dev.br\/index.php\/wp-json\/wp\/v2\/comments?post=125"}],"version-history":[{"count":19,"href":"https:\/\/narloch-com-br.andamento.dev.br\/index.php\/wp-json\/wp\/v2\/pages\/125\/revisions"}],"predecessor-version":[{"id":552,"href":"https:\/\/narloch-com-br.andamento.dev.br\/index.php\/wp-json\/wp\/v2\/pages\/125\/revisions\/552"}],"wp:attachment":[{"href":"https:\/\/narloch-com-br.andamento.dev.br\/index.php\/wp-json\/wp\/v2\/media?parent=125"}],"curies":[{"name":"wp","href":"https:\/\/api.w.org\/{rel}","templated":true}]}}